{"id":1330,"date":"2025-07-01T23:17:07","date_gmt":"2025-07-01T20:17:07","guid":{"rendered":"https:\/\/testwp.trtbelgesel.com\/awards\/"},"modified":"2026-01-18T21:25:24","modified_gmt":"2026-01-18T18:25:24","slug":"awards","status":"publish","type":"page","link":"https:\/\/trtbelgesel.com\/en\/awards\/","title":{"rendered":"Awards have been announced"},"content":{"rendered":"<div class=\"wpb-content-wrapper\"><p>[vc_row][vc_column][vc_column_text css=&#8221;&#8221;]<\/p>\n<h3><b>17th INTERNATIONAL TRT DOCUMENTARY AWARDS<\/b><\/h3>\n<p class=\"p3\">The awards are presented in <span class=\"s2\"><b>National<\/b><\/span> and <span class=\"s2\"><b>International<\/b><\/span> categories as outlined below:<\/p>\n<h4><b>8.1.1. National Category<\/b><\/h4>\n<p class=\"p4\"><b>a) National Student Films Category:<\/b><\/p>\n<ul>\n<li>\n<p class=\"p1\">Best Documentary Film Award: <span class=\"s1\"><b>125,000 TL<\/b><\/span> (One Hundred Twenty-Five Thousand Turkish Lira)<\/p>\n<\/li>\n<li>\n<p class=\"p1\">Second Prize: <span class=\"s1\"><b>100,000 TL<\/b><\/span> (One Hundred Thousand Turkish Lira)<\/p>\n<\/li>\n<li>\n<p class=\"p1\">Third Prize: <span class=\"s1\"><b>75,000 TL<\/b><\/span> (Seventy-Five Thousand Turkish Lira)<\/p>\n<\/li>\n<\/ul>\n<p class=\"p4\"><b>b) National Professional Category:<\/b><\/p>\n<ul>\n<li>\n<p class=\"p1\">Best Documentary Film Award: <span class=\"s1\"><b>250,000 TL<\/b><\/span> (Two Hundred Fifty Thousand Turkish Lira)<\/p>\n<\/li>\n<li>\n<p class=\"p1\">Second Prize: <span class=\"s1\"><b>175,000 TL<\/b><\/span> (One Hundred Seventy-Five Thousand Turkish Lira)<\/p>\n<\/li>\n<li>\n<p class=\"p1\">Third Prize: <span class=\"s1\"><b>125,000 TL<\/b><\/span> (One Hundred Twenty-Five Thousand Turkish Lira)<\/p>\n<\/li>\n<\/ul>\n<hr \/>\n<h4><b>8.1.2. International Category<\/b><\/h4>\n<ul>\n<li>\n<p class=\"p1\">Best Documentary Film Award: <span class=\"s1\"><b>8,000 \u20ac<\/b><\/span> (Eight Thousand Euros)<\/p>\n<\/li>\n<li>\n<p class=\"p1\">Second Prize: <span class=\"s1\"><b>6,000 \u20ac<\/b><\/span> (Six Thousand Euros)<\/p>\n<\/li>\n<li>\n<p class=\"p1\">Third Prize: <span class=\"s1\"><b>4,000 \u20ac<\/b><\/span> (Four Thousand Euros)<\/p>\n<\/li>\n<\/ul>\n<hr \/>\n<h4><b>8.1.3. Project Support Category<\/b><\/h4>\n<p class=\"p3\">If deemed worthy by the Jury, three projects will be selected. The award amount is <span class=\"s2\"><b>100,000 TL (One Hundred Thousand Turkish Lira) per project<\/b><\/span>. The award will be paid by TRT following the deduction of statutory taxes and charges.<\/p>\n<div id=\"gtx-trans\" style=\"position: absolute; left: 100px; top: 660.289px;\">\n<div class=\"gtx-trans-icon\"><\/div>\n<\/div>\n<p>[\/vc_column_text][\/vc_column][\/vc_row]<\/p>\n<\/div>","protected":false},"excerpt":{"rendered":"<p>[vc_row][vc_column][vc_column_text css=&#8221;&#8221;] 17th INTERNATIONAL TRT DOCUMENTARY AWARDS The awards are presented in National and International categories as outlined below: 8.1.1. National Category a) National Student Films<span class=\"excerpt-hellip\"> [\u2026]<\/span><\/p>\n","protected":false},"author":1,"featured_media":-1,"parent":0,"menu_order":0,"comment_status":"closed","ping_status":"closed","template":"","meta":{"_monsterinsights_skip_tracking":false,"_monsterinsights_sitenote_active":false,"_monsterinsights_sitenote_note":"","_monsterinsights_sitenote_category":0,"footnotes":""},"class_list":["post-1330","page","type-page","status-publish","has-post-thumbnail","hentry"],"yoast_head":"<!-- This site is optimized with the Yoast SEO plugin v27.2 - https:\/\/yoast.com\/product\/yoast-seo-wordpress\/ -->\n<title>Awards have been announced - trtbelgesel.com<\/title>\n<meta name=\"robots\" content=\"index, follow, max-snippet:-1, max-image-preview:large, max-video-preview:-1\" \/>\n<link rel=\"canonical\" href=\"https:\/\/trtbelgesel.com\/en\/awards\/\" \/>\n<meta property=\"og:locale\" content=\"en_US\" \/>\n<meta property=\"og:type\" content=\"article\" \/>\n<meta property=\"og:title\" content=\"Awards have been announced - trtbelgesel.com\" \/>\n<meta property=\"og:description\" content=\"[vc_row][vc_column][vc_column_text css=&#8221;&#8221;] 17th INTERNATIONAL TRT DOCUMENTARY AWARDS The awards are presented in National and International categories as outlined below: 8.1.1. National Category a) National Student Films [\u2026]\" \/>\n<meta property=\"og:url\" content=\"https:\/\/trtbelgesel.com\/en\/awards\/\" \/>\n<meta property=\"og:site_name\" content=\"trtbelgesel.com\" \/>\n<meta property=\"article:publisher\" content=\"https:\/\/www.facebook.com\/trtbelgeselodulleri\/?locale=tr_TR\" \/>\n<meta property=\"article:modified_time\" content=\"2026-01-18T18:25:24+00:00\" \/>\n<meta name=\"twitter:card\" content=\"summary_large_image\" \/>\n<meta name=\"twitter:site\" content=\"@TRTBelgeselFilm\" \/>\n<meta name=\"twitter:label1\" content=\"Est. reading time\" \/>\n\t<meta name=\"twitter:data1\" content=\"1 minute\" \/>\n<script type=\"application\/ld+json\" class=\"yoast-schema-graph\">{\"@context\":\"https:\/\/schema.org\",\"@graph\":[{\"@type\":\"WebPage\",\"@id\":\"https:\/\/trtbelgesel.com\/en\/awards\/\",\"url\":\"https:\/\/trtbelgesel.com\/en\/awards\/\",\"name\":\"Awards have been announced - trtbelgesel.com\",\"isPartOf\":{\"@id\":\"https:\/\/trtbelgesel.com\/en\/#website\"},\"datePublished\":\"2025-07-01T20:17:07+00:00\",\"dateModified\":\"2026-01-18T18:25:24+00:00\",\"breadcrumb\":{\"@id\":\"https:\/\/trtbelgesel.com\/en\/awards\/#breadcrumb\"},\"inLanguage\":\"en-US\",\"potentialAction\":[{\"@type\":\"ReadAction\",\"target\":[\"https:\/\/trtbelgesel.com\/en\/awards\/\"]}]},{\"@type\":\"BreadcrumbList\",\"@id\":\"https:\/\/trtbelgesel.com\/en\/awards\/#breadcrumb\",\"itemListElement\":[{\"@type\":\"ListItem\",\"position\":1,\"name\":\"Anasayfa\",\"item\":\"https:\/\/trtbelgesel.com\/en\/\"},{\"@type\":\"ListItem\",\"position\":2,\"name\":\"Awards have been announced\"}]},{\"@type\":\"WebSite\",\"@id\":\"https:\/\/trtbelgesel.com\/en\/#website\",\"url\":\"https:\/\/trtbelgesel.com\/en\/\",\"name\":\"trtbelgesel.com\",\"description\":\"Resmi Belgesel Ba\u015fvuru ve Tan\u0131t\u0131m Sayfas\u0131\",\"publisher\":{\"@id\":\"https:\/\/trtbelgesel.com\/en\/#organization\"},\"potentialAction\":[{\"@type\":\"SearchAction\",\"target\":{\"@type\":\"EntryPoint\",\"urlTemplate\":\"https:\/\/trtbelgesel.com\/en\/?s={search_term_string}\"},\"query-input\":{\"@type\":\"PropertyValueSpecification\",\"valueRequired\":true,\"valueName\":\"search_term_string\"}}],\"inLanguage\":\"en-US\"},{\"@type\":\"Organization\",\"@id\":\"https:\/\/trtbelgesel.com\/en\/#organization\",\"name\":\"trtbelgesel.com\",\"url\":\"https:\/\/trtbelgesel.com\/en\/\",\"logo\":{\"@type\":\"ImageObject\",\"inLanguage\":\"en-US\",\"@id\":\"https:\/\/trtbelgesel.com\/en\/#\/schema\/logo\/image\/\",\"url\":\"https:\/\/trtbelgesel.com\/wp-content\/uploads\/2025\/07\/TRT-BELGESEL-GUNLERI-KARTE-LOGO-REKNLI-kopya.png\",\"contentUrl\":\"https:\/\/trtbelgesel.com\/wp-content\/uploads\/2025\/07\/TRT-BELGESEL-GUNLERI-KARTE-LOGO-REKNLI-kopya.png\",\"width\":1920,\"height\":1080,\"caption\":\"trtbelgesel.com\"},\"image\":{\"@id\":\"https:\/\/trtbelgesel.com\/en\/#\/schema\/logo\/image\/\"},\"sameAs\":[\"https:\/\/www.facebook.com\/trtbelgeselodulleri\/?locale=tr_TR\",\"https:\/\/x.com\/TRTBelgeselFilm\",\"https:\/\/www.instagram.com\/trtbelgeselodulleri\/\"]}]}<\/script>\n<!-- \/ Yoast SEO plugin. -->","yoast_head_json":{"title":"Awards have been announced - trtbelgesel.com","robots":{"index":"index","follow":"follow","max-snippet":"max-snippet:-1","max-image-preview":"max-image-preview:large","max-video-preview":"max-video-preview:-1"},"canonical":"https:\/\/trtbelgesel.com\/en\/awards\/","og_locale":"en_US","og_type":"article","og_title":"Awards have been announced - trtbelgesel.com","og_description":"[vc_row][vc_column][vc_column_text css=&#8221;&#8221;] 17th INTERNATIONAL TRT DOCUMENTARY AWARDS The awards are presented in National and International categories as outlined below: 8.1.1. National Category a) National Student Films [\u2026]","og_url":"https:\/\/trtbelgesel.com\/en\/awards\/","og_site_name":"trtbelgesel.com","article_publisher":"https:\/\/www.facebook.com\/trtbelgeselodulleri\/?locale=tr_TR","article_modified_time":"2026-01-18T18:25:24+00:00","twitter_card":"summary_large_image","twitter_site":"@TRTBelgeselFilm","twitter_misc":{"Est. reading time":"1 minute"},"schema":{"@context":"https:\/\/schema.org","@graph":[{"@type":"WebPage","@id":"https:\/\/trtbelgesel.com\/en\/awards\/","url":"https:\/\/trtbelgesel.com\/en\/awards\/","name":"Awards have been announced - trtbelgesel.com","isPartOf":{"@id":"https:\/\/trtbelgesel.com\/en\/#website"},"datePublished":"2025-07-01T20:17:07+00:00","dateModified":"2026-01-18T18:25:24+00:00","breadcrumb":{"@id":"https:\/\/trtbelgesel.com\/en\/awards\/#breadcrumb"},"inLanguage":"en-US","potentialAction":[{"@type":"ReadAction","target":["https:\/\/trtbelgesel.com\/en\/awards\/"]}]},{"@type":"BreadcrumbList","@id":"https:\/\/trtbelgesel.com\/en\/awards\/#breadcrumb","itemListElement":[{"@type":"ListItem","position":1,"name":"Anasayfa","item":"https:\/\/trtbelgesel.com\/en\/"},{"@type":"ListItem","position":2,"name":"Awards have been announced"}]},{"@type":"WebSite","@id":"https:\/\/trtbelgesel.com\/en\/#website","url":"https:\/\/trtbelgesel.com\/en\/","name":"trtbelgesel.com","description":"Resmi Belgesel Ba\u015fvuru ve Tan\u0131t\u0131m Sayfas\u0131","publisher":{"@id":"https:\/\/trtbelgesel.com\/en\/#organization"},"potentialAction":[{"@type":"SearchAction","target":{"@type":"EntryPoint","urlTemplate":"https:\/\/trtbelgesel.com\/en\/?s={search_term_string}"},"query-input":{"@type":"PropertyValueSpecification","valueRequired":true,"valueName":"search_term_string"}}],"inLanguage":"en-US"},{"@type":"Organization","@id":"https:\/\/trtbelgesel.com\/en\/#organization","name":"trtbelgesel.com","url":"https:\/\/trtbelgesel.com\/en\/","logo":{"@type":"ImageObject","inLanguage":"en-US","@id":"https:\/\/trtbelgesel.com\/en\/#\/schema\/logo\/image\/","url":"https:\/\/trtbelgesel.com\/wp-content\/uploads\/2025\/07\/TRT-BELGESEL-GUNLERI-KARTE-LOGO-REKNLI-kopya.png","contentUrl":"https:\/\/trtbelgesel.com\/wp-content\/uploads\/2025\/07\/TRT-BELGESEL-GUNLERI-KARTE-LOGO-REKNLI-kopya.png","width":1920,"height":1080,"caption":"trtbelgesel.com"},"image":{"@id":"https:\/\/trtbelgesel.com\/en\/#\/schema\/logo\/image\/"},"sameAs":["https:\/\/www.facebook.com\/trtbelgeselodulleri\/?locale=tr_TR","https:\/\/x.com\/TRTBelgeselFilm","https:\/\/www.instagram.com\/trtbelgeselodulleri\/"]}]}},"_links":{"self":[{"href":"https:\/\/trtbelgesel.com\/en\/wp-json\/wp\/v2\/pages\/1330","targetHints":{"allow":["GET"]}}],"collection":[{"href":"https:\/\/trtbelgesel.com\/en\/wp-json\/wp\/v2\/pages"}],"about":[{"href":"https:\/\/trtbelgesel.com\/en\/wp-json\/wp\/v2\/types\/page"}],"author":[{"embeddable":true,"href":"https:\/\/trtbelgesel.com\/en\/wp-json\/wp\/v2\/users\/1"}],"replies":[{"embeddable":true,"href":"https:\/\/trtbelgesel.com\/en\/wp-json\/wp\/v2\/comments?post=1330"}],"version-history":[{"count":5,"href":"https:\/\/trtbelgesel.com\/en\/wp-json\/wp\/v2\/pages\/1330\/revisions"}],"predecessor-version":[{"id":2367,"href":"https:\/\/trtbelgesel.com\/en\/wp-json\/wp\/v2\/pages\/1330\/revisions\/2367"}],"wp:featuredmedia":[{"embeddable":true,"href":"https:\/\/trtbelgesel.com\/en\/wp-json\/"}],"wp:attachment":[{"href":"https:\/\/trtbelgesel.com\/en\/wp-json\/wp\/v2\/media?parent=1330"}],"curies":[{"name":"wp","href":"https:\/\/api.w.org\/{rel}","templated":true}]}}