{"id":1335,"date":"2025-07-04T13:04:07","date_gmt":"2025-07-04T10:04:07","guid":{"rendered":"https:\/\/testwp.trtbelgesel.com\/national-student-category\/"},"modified":"2025-08-21T09:57:50","modified_gmt":"2025-08-21T06:57:50","slug":"national-student-category","status":"publish","type":"page","link":"https:\/\/trtbelgesel.com\/en\/national-student-category\/","title":{"rendered":"National Student Films Category"},"content":{"rendered":"<div class=\"wpb-content-wrapper\"><p>[vc_row][vc_column][vc_column_text css=&#8221;&#8221;]<strong>The Rising Voice of a New Generation of Documentarians<\/strong><\/p>\n<p>The National Student Category of the TRT International Documentary Awards offers an inspiring stage for young talents stepping into documentary cinema. Supporting the original perspectives, innovative approaches and creative courage of students who are dedicated to documentary cinema, this category is designed to encourage and make visible the master documentary filmmakers of the future.<\/p>\n<p>These sincere and striking stories, written by students, reflect the innovative face of contemporary cinema language and find a strong promotion and support area with TRT&#8217;s vision.[\/vc_column_text][\/vc_column][\/vc_row][vc_row][vc_column][vc_btn title=&#8221;Apply&#8221; color=&#8221;orange&#8221; css=&#8221;&#8221;][\/vc_column][\/vc_row]<\/p>\n<\/div>","protected":false},"excerpt":{"rendered":"<p>[vc_row][vc_column][vc_column_text css=&#8221;&#8221;]The Rising Voice of a New Generation of Documentarians The National Student Category of the TRT International Documentary Awards offers an inspiring stage for young<span class=\"excerpt-hellip\"> [\u2026]<\/span><\/p>\n","protected":false},"author":1,"featured_media":-1,"parent":0,"menu_order":0,"comment_status":"closed","ping_status":"closed","template":"","meta":{"_monsterinsights_skip_tracking":false,"_monsterinsights_sitenote_active":false,"_monsterinsights_sitenote_note":"","_monsterinsights_sitenote_category":0,"footnotes":""},"class_list":["post-1335","page","type-page","status-publish","has-post-thumbnail","hentry"],"yoast_head":"<!-- This site is optimized with the Yoast SEO plugin v27.2 - https:\/\/yoast.com\/product\/yoast-seo-wordpress\/ -->\n<title>National Student Films Category - trtbelgesel.com<\/title>\n<meta name=\"robots\" content=\"index, follow, max-snippet:-1, max-image-preview:large, max-video-preview:-1\" \/>\n<link rel=\"canonical\" href=\"https:\/\/trtbelgesel.com\/en\/national-student-category\/\" \/>\n<meta property=\"og:locale\" content=\"en_US\" \/>\n<meta property=\"og:type\" content=\"article\" \/>\n<meta property=\"og:title\" content=\"National Student Films Category - trtbelgesel.com\" \/>\n<meta property=\"og:description\" content=\"[vc_row][vc_column][vc_column_text css=&#8221;&#8221;]The Rising Voice of a New Generation of Documentarians The National Student Category of the TRT International Documentary Awards offers an inspiring stage for young [\u2026]\" \/>\n<meta property=\"og:url\" content=\"https:\/\/trtbelgesel.com\/en\/national-student-category\/\" \/>\n<meta property=\"og:site_name\" content=\"trtbelgesel.com\" \/>\n<meta property=\"article:publisher\" content=\"https:\/\/www.facebook.com\/trtbelgeselodulleri\/?locale=tr_TR\" \/>\n<meta property=\"article:modified_time\" content=\"2025-08-21T06:57:50+00:00\" \/>\n<meta name=\"twitter:card\" content=\"summary_large_image\" \/>\n<meta name=\"twitter:site\" content=\"@TRTBelgeselFilm\" \/>\n<meta name=\"twitter:label1\" content=\"Est. reading time\" \/>\n\t<meta name=\"twitter:data1\" content=\"1 minute\" \/>\n<script type=\"application\/ld+json\" class=\"yoast-schema-graph\">{\"@context\":\"https:\/\/schema.org\",\"@graph\":[{\"@type\":\"WebPage\",\"@id\":\"https:\/\/trtbelgesel.com\/en\/national-student-category\/\",\"url\":\"https:\/\/trtbelgesel.com\/en\/national-student-category\/\",\"name\":\"National Student Films Category - trtbelgesel.com\",\"isPartOf\":{\"@id\":\"https:\/\/trtbelgesel.com\/en\/#website\"},\"datePublished\":\"2025-07-04T10:04:07+00:00\",\"dateModified\":\"2025-08-21T06:57:50+00:00\",\"breadcrumb\":{\"@id\":\"https:\/\/trtbelgesel.com\/en\/national-student-category\/#breadcrumb\"},\"inLanguage\":\"en-US\",\"potentialAction\":[{\"@type\":\"ReadAction\",\"target\":[\"https:\/\/trtbelgesel.com\/en\/national-student-category\/\"]}]},{\"@type\":\"BreadcrumbList\",\"@id\":\"https:\/\/trtbelgesel.com\/en\/national-student-category\/#breadcrumb\",\"itemListElement\":[{\"@type\":\"ListItem\",\"position\":1,\"name\":\"Anasayfa\",\"item\":\"https:\/\/trtbelgesel.com\/en\/\"},{\"@type\":\"ListItem\",\"position\":2,\"name\":\"National Student Films Category\"}]},{\"@type\":\"WebSite\",\"@id\":\"https:\/\/trtbelgesel.com\/en\/#website\",\"url\":\"https:\/\/trtbelgesel.com\/en\/\",\"name\":\"trtbelgesel.com\",\"description\":\"Resmi Belgesel Ba\u015fvuru ve Tan\u0131t\u0131m Sayfas\u0131\",\"publisher\":{\"@id\":\"https:\/\/trtbelgesel.com\/en\/#organization\"},\"potentialAction\":[{\"@type\":\"SearchAction\",\"target\":{\"@type\":\"EntryPoint\",\"urlTemplate\":\"https:\/\/trtbelgesel.com\/en\/?s={search_term_string}\"},\"query-input\":{\"@type\":\"PropertyValueSpecification\",\"valueRequired\":true,\"valueName\":\"search_term_string\"}}],\"inLanguage\":\"en-US\"},{\"@type\":\"Organization\",\"@id\":\"https:\/\/trtbelgesel.com\/en\/#organization\",\"name\":\"trtbelgesel.com\",\"url\":\"https:\/\/trtbelgesel.com\/en\/\",\"logo\":{\"@type\":\"ImageObject\",\"inLanguage\":\"en-US\",\"@id\":\"https:\/\/trtbelgesel.com\/en\/#\/schema\/logo\/image\/\",\"url\":\"https:\/\/trtbelgesel.com\/wp-content\/uploads\/2025\/07\/TRT-BELGESEL-GUNLERI-KARTE-LOGO-REKNLI-kopya.png\",\"contentUrl\":\"https:\/\/trtbelgesel.com\/wp-content\/uploads\/2025\/07\/TRT-BELGESEL-GUNLERI-KARTE-LOGO-REKNLI-kopya.png\",\"width\":1920,\"height\":1080,\"caption\":\"trtbelgesel.com\"},\"image\":{\"@id\":\"https:\/\/trtbelgesel.com\/en\/#\/schema\/logo\/image\/\"},\"sameAs\":[\"https:\/\/www.facebook.com\/trtbelgeselodulleri\/?locale=tr_TR\",\"https:\/\/x.com\/TRTBelgeselFilm\",\"https:\/\/www.instagram.com\/trtbelgeselodulleri\/\"]}]}<\/script>\n<!-- \/ Yoast SEO plugin. -->","yoast_head_json":{"title":"National Student Films Category - trtbelgesel.com","robots":{"index":"index","follow":"follow","max-snippet":"max-snippet:-1","max-image-preview":"max-image-preview:large","max-video-preview":"max-video-preview:-1"},"canonical":"https:\/\/trtbelgesel.com\/en\/national-student-category\/","og_locale":"en_US","og_type":"article","og_title":"National Student Films Category - trtbelgesel.com","og_description":"[vc_row][vc_column][vc_column_text css=&#8221;&#8221;]The Rising Voice of a New Generation of Documentarians The National Student Category of the TRT International Documentary Awards offers an inspiring stage for young [\u2026]","og_url":"https:\/\/trtbelgesel.com\/en\/national-student-category\/","og_site_name":"trtbelgesel.com","article_publisher":"https:\/\/www.facebook.com\/trtbelgeselodulleri\/?locale=tr_TR","article_modified_time":"2025-08-21T06:57:50+00:00","twitter_card":"summary_large_image","twitter_site":"@TRTBelgeselFilm","twitter_misc":{"Est. reading time":"1 minute"},"schema":{"@context":"https:\/\/schema.org","@graph":[{"@type":"WebPage","@id":"https:\/\/trtbelgesel.com\/en\/national-student-category\/","url":"https:\/\/trtbelgesel.com\/en\/national-student-category\/","name":"National Student Films Category - trtbelgesel.com","isPartOf":{"@id":"https:\/\/trtbelgesel.com\/en\/#website"},"datePublished":"2025-07-04T10:04:07+00:00","dateModified":"2025-08-21T06:57:50+00:00","breadcrumb":{"@id":"https:\/\/trtbelgesel.com\/en\/national-student-category\/#breadcrumb"},"inLanguage":"en-US","potentialAction":[{"@type":"ReadAction","target":["https:\/\/trtbelgesel.com\/en\/national-student-category\/"]}]},{"@type":"BreadcrumbList","@id":"https:\/\/trtbelgesel.com\/en\/national-student-category\/#breadcrumb","itemListElement":[{"@type":"ListItem","position":1,"name":"Anasayfa","item":"https:\/\/trtbelgesel.com\/en\/"},{"@type":"ListItem","position":2,"name":"National Student Films Category"}]},{"@type":"WebSite","@id":"https:\/\/trtbelgesel.com\/en\/#website","url":"https:\/\/trtbelgesel.com\/en\/","name":"trtbelgesel.com","description":"Resmi Belgesel Ba\u015fvuru ve Tan\u0131t\u0131m Sayfas\u0131","publisher":{"@id":"https:\/\/trtbelgesel.com\/en\/#organization"},"potentialAction":[{"@type":"SearchAction","target":{"@type":"EntryPoint","urlTemplate":"https:\/\/trtbelgesel.com\/en\/?s={search_term_string}"},"query-input":{"@type":"PropertyValueSpecification","valueRequired":true,"valueName":"search_term_string"}}],"inLanguage":"en-US"},{"@type":"Organization","@id":"https:\/\/trtbelgesel.com\/en\/#organization","name":"trtbelgesel.com","url":"https:\/\/trtbelgesel.com\/en\/","logo":{"@type":"ImageObject","inLanguage":"en-US","@id":"https:\/\/trtbelgesel.com\/en\/#\/schema\/logo\/image\/","url":"https:\/\/trtbelgesel.com\/wp-content\/uploads\/2025\/07\/TRT-BELGESEL-GUNLERI-KARTE-LOGO-REKNLI-kopya.png","contentUrl":"https:\/\/trtbelgesel.com\/wp-content\/uploads\/2025\/07\/TRT-BELGESEL-GUNLERI-KARTE-LOGO-REKNLI-kopya.png","width":1920,"height":1080,"caption":"trtbelgesel.com"},"image":{"@id":"https:\/\/trtbelgesel.com\/en\/#\/schema\/logo\/image\/"},"sameAs":["https:\/\/www.facebook.com\/trtbelgeselodulleri\/?locale=tr_TR","https:\/\/x.com\/TRTBelgeselFilm","https:\/\/www.instagram.com\/trtbelgeselodulleri\/"]}]}},"_links":{"self":[{"href":"https:\/\/trtbelgesel.com\/en\/wp-json\/wp\/v2\/pages\/1335","targetHints":{"allow":["GET"]}}],"collection":[{"href":"https:\/\/trtbelgesel.com\/en\/wp-json\/wp\/v2\/pages"}],"about":[{"href":"https:\/\/trtbelgesel.com\/en\/wp-json\/wp\/v2\/types\/page"}],"author":[{"embeddable":true,"href":"https:\/\/trtbelgesel.com\/en\/wp-json\/wp\/v2\/users\/1"}],"replies":[{"embeddable":true,"href":"https:\/\/trtbelgesel.com\/en\/wp-json\/wp\/v2\/comments?post=1335"}],"version-history":[{"count":3,"href":"https:\/\/trtbelgesel.com\/en\/wp-json\/wp\/v2\/pages\/1335\/revisions"}],"predecessor-version":[{"id":2054,"href":"https:\/\/trtbelgesel.com\/en\/wp-json\/wp\/v2\/pages\/1335\/revisions\/2054"}],"wp:featuredmedia":[{"embeddable":true,"href":"https:\/\/trtbelgesel.com\/en\/wp-json\/"}],"wp:attachment":[{"href":"https:\/\/trtbelgesel.com\/en\/wp-json\/wp\/v2\/media?parent=1335"}],"curies":[{"name":"wp","href":"https:\/\/api.w.org\/{rel}","templated":true}]}}