{"id":1351,"date":"2025-06-20T12:42:58","date_gmt":"2025-06-20T09:42:58","guid":{"rendered":"https:\/\/testwp.trtbelgesel.com\/about-us\/"},"modified":"2026-01-26T12:53:10","modified_gmt":"2026-01-26T09:53:10","slug":"about-us","status":"publish","type":"page","link":"https:\/\/trtbelgesel.com\/en\/about-us\/","title":{"rendered":"About Us"},"content":{"rendered":"<div class=\"wpb-content-wrapper\"><p>[vc_row][vc_column][vc_column_text css=&#8221;&#8221;]<\/p>\n<h2 class=\"p1\"><b>TRT International Documentary Awards<\/b><\/h2>\n<p class=\"p1\">The TRT International Documentary Awards have been organized since 2009, aligned with TRT\u2019s global broadcasting mission, T\u00fcrkiye&#8217;s public broadcaster. These awards aim to support international amateur and professional documentary filmmakers, ensure that documentaries from different countries reach audiences, and create a platform where documentary filmmakers and industry members can come together and exchange ideas.<\/p>\n<p class=\"p1\">Organized aligned with TRT\u2019s vision, a strong and internationally renowned broadcasting brand, the festival\u2019s impact continues to grow each year. Now in its 17th edition, the TRT International Documentary Awards brings together prestigious productions, acclaimed directors and producers, renowned documentary presenters, and leading academics. By harnessing its increasing influence in the international arena, the event embraces a mission to raise awareness and shape public discourse on issues related to humanity, peace, and universal values.<\/p>\n<p class=\"p1\">The TRT International Documentary Awards, which enriches the documentary landscape in T\u00fcrkiye and globally, will showcase documentaries submitted in various award categories throughout its four-day calendar. Masterclasses with directors are held, along with talks, panels, and workshops on the present and future of documentary filmmaking. The festival, which will meet its audience in Istanbul, is free and open to everyone. We are delighted to see our place among the world&#8217;s esteemed festivals, featuring special film screenings, workshops, talks, and panels, as well as a vibrant Gala Night where the winners are presented with their awards.<\/p>\n<div id=\"gtx-trans\" style=\"position: absolute; left: 149px; top: -12.5078px;\">\n<div class=\"gtx-trans-icon\"><\/div>\n<\/div>\n<p>[\/vc_column_text][\/vc_column][\/vc_row]<\/p>\n<\/div>","protected":false},"excerpt":{"rendered":"<p>[vc_row][vc_column][vc_column_text css=&#8221;&#8221;] TRT International Documentary Awards The TRT International Documentary Awards have been organized since 2009, aligned with TRT\u2019s global broadcasting mission, T\u00fcrkiye&#8217;s public broadcaster. These<span class=\"excerpt-hellip\"> [\u2026]<\/span><\/p>\n","protected":false},"author":1,"featured_media":-1,"parent":0,"menu_order":0,"comment_status":"closed","ping_status":"closed","template":"","meta":{"_monsterinsights_skip_tracking":false,"_monsterinsights_sitenote_active":false,"_monsterinsights_sitenote_note":"","_monsterinsights_sitenote_category":0,"footnotes":""},"class_list":["post-1351","page","type-page","status-publish","has-post-thumbnail","hentry"],"yoast_head":"<!-- This site is optimized with the Yoast SEO plugin v27.2 - https:\/\/yoast.com\/product\/yoast-seo-wordpress\/ -->\n<title>About Us - trtbelgesel.com<\/title>\n<meta name=\"robots\" content=\"index, follow, max-snippet:-1, max-image-preview:large, max-video-preview:-1\" \/>\n<link rel=\"canonical\" href=\"https:\/\/trtbelgesel.com\/en\/about-us\/\" \/>\n<meta property=\"og:locale\" content=\"en_US\" \/>\n<meta property=\"og:type\" content=\"article\" \/>\n<meta property=\"og:title\" content=\"About Us - trtbelgesel.com\" \/>\n<meta property=\"og:description\" content=\"[vc_row][vc_column][vc_column_text css=&#8221;&#8221;] TRT International Documentary Awards The TRT International Documentary Awards have been organized since 2009, aligned with TRT\u2019s global broadcasting mission, T\u00fcrkiye&#8217;s public broadcaster. These [\u2026]\" \/>\n<meta property=\"og:url\" content=\"https:\/\/trtbelgesel.com\/en\/about-us\/\" \/>\n<meta property=\"og:site_name\" content=\"trtbelgesel.com\" \/>\n<meta property=\"article:publisher\" content=\"https:\/\/www.facebook.com\/trtbelgeselodulleri\/?locale=tr_TR\" \/>\n<meta property=\"article:modified_time\" content=\"2026-01-26T09:53:10+00:00\" \/>\n<meta name=\"twitter:card\" content=\"summary_large_image\" \/>\n<meta name=\"twitter:site\" content=\"@TRTBelgeselFilm\" \/>\n<meta name=\"twitter:label1\" content=\"Est. reading time\" \/>\n\t<meta name=\"twitter:data1\" content=\"2 minutes\" \/>\n<script type=\"application\/ld+json\" class=\"yoast-schema-graph\">{\"@context\":\"https:\/\/schema.org\",\"@graph\":[{\"@type\":\"WebPage\",\"@id\":\"https:\/\/trtbelgesel.com\/en\/about-us\/\",\"url\":\"https:\/\/trtbelgesel.com\/en\/about-us\/\",\"name\":\"About Us - trtbelgesel.com\",\"isPartOf\":{\"@id\":\"https:\/\/trtbelgesel.com\/en\/#website\"},\"datePublished\":\"2025-06-20T09:42:58+00:00\",\"dateModified\":\"2026-01-26T09:53:10+00:00\",\"breadcrumb\":{\"@id\":\"https:\/\/trtbelgesel.com\/en\/about-us\/#breadcrumb\"},\"inLanguage\":\"en-US\",\"potentialAction\":[{\"@type\":\"ReadAction\",\"target\":[\"https:\/\/trtbelgesel.com\/en\/about-us\/\"]}]},{\"@type\":\"BreadcrumbList\",\"@id\":\"https:\/\/trtbelgesel.com\/en\/about-us\/#breadcrumb\",\"itemListElement\":[{\"@type\":\"ListItem\",\"position\":1,\"name\":\"Anasayfa\",\"item\":\"https:\/\/trtbelgesel.com\/en\/\"},{\"@type\":\"ListItem\",\"position\":2,\"name\":\"About Us\"}]},{\"@type\":\"WebSite\",\"@id\":\"https:\/\/trtbelgesel.com\/en\/#website\",\"url\":\"https:\/\/trtbelgesel.com\/en\/\",\"name\":\"trtbelgesel.com\",\"description\":\"Resmi Belgesel Ba\u015fvuru ve Tan\u0131t\u0131m Sayfas\u0131\",\"publisher\":{\"@id\":\"https:\/\/trtbelgesel.com\/en\/#organization\"},\"potentialAction\":[{\"@type\":\"SearchAction\",\"target\":{\"@type\":\"EntryPoint\",\"urlTemplate\":\"https:\/\/trtbelgesel.com\/en\/?s={search_term_string}\"},\"query-input\":{\"@type\":\"PropertyValueSpecification\",\"valueRequired\":true,\"valueName\":\"search_term_string\"}}],\"inLanguage\":\"en-US\"},{\"@type\":\"Organization\",\"@id\":\"https:\/\/trtbelgesel.com\/en\/#organization\",\"name\":\"trtbelgesel.com\",\"url\":\"https:\/\/trtbelgesel.com\/en\/\",\"logo\":{\"@type\":\"ImageObject\",\"inLanguage\":\"en-US\",\"@id\":\"https:\/\/trtbelgesel.com\/en\/#\/schema\/logo\/image\/\",\"url\":\"https:\/\/trtbelgesel.com\/wp-content\/uploads\/2025\/07\/TRT-BELGESEL-GUNLERI-KARTE-LOGO-REKNLI-kopya.png\",\"contentUrl\":\"https:\/\/trtbelgesel.com\/wp-content\/uploads\/2025\/07\/TRT-BELGESEL-GUNLERI-KARTE-LOGO-REKNLI-kopya.png\",\"width\":1920,\"height\":1080,\"caption\":\"trtbelgesel.com\"},\"image\":{\"@id\":\"https:\/\/trtbelgesel.com\/en\/#\/schema\/logo\/image\/\"},\"sameAs\":[\"https:\/\/www.facebook.com\/trtbelgeselodulleri\/?locale=tr_TR\",\"https:\/\/x.com\/TRTBelgeselFilm\",\"https:\/\/www.instagram.com\/trtbelgeselodulleri\/\"]}]}<\/script>\n<!-- \/ Yoast SEO plugin. -->","yoast_head_json":{"title":"About Us - trtbelgesel.com","robots":{"index":"index","follow":"follow","max-snippet":"max-snippet:-1","max-image-preview":"max-image-preview:large","max-video-preview":"max-video-preview:-1"},"canonical":"https:\/\/trtbelgesel.com\/en\/about-us\/","og_locale":"en_US","og_type":"article","og_title":"About Us - trtbelgesel.com","og_description":"[vc_row][vc_column][vc_column_text css=&#8221;&#8221;] TRT International Documentary Awards The TRT International Documentary Awards have been organized since 2009, aligned with TRT\u2019s global broadcasting mission, T\u00fcrkiye&#8217;s public broadcaster. These [\u2026]","og_url":"https:\/\/trtbelgesel.com\/en\/about-us\/","og_site_name":"trtbelgesel.com","article_publisher":"https:\/\/www.facebook.com\/trtbelgeselodulleri\/?locale=tr_TR","article_modified_time":"2026-01-26T09:53:10+00:00","twitter_card":"summary_large_image","twitter_site":"@TRTBelgeselFilm","twitter_misc":{"Est. reading time":"2 minutes"},"schema":{"@context":"https:\/\/schema.org","@graph":[{"@type":"WebPage","@id":"https:\/\/trtbelgesel.com\/en\/about-us\/","url":"https:\/\/trtbelgesel.com\/en\/about-us\/","name":"About Us - trtbelgesel.com","isPartOf":{"@id":"https:\/\/trtbelgesel.com\/en\/#website"},"datePublished":"2025-06-20T09:42:58+00:00","dateModified":"2026-01-26T09:53:10+00:00","breadcrumb":{"@id":"https:\/\/trtbelgesel.com\/en\/about-us\/#breadcrumb"},"inLanguage":"en-US","potentialAction":[{"@type":"ReadAction","target":["https:\/\/trtbelgesel.com\/en\/about-us\/"]}]},{"@type":"BreadcrumbList","@id":"https:\/\/trtbelgesel.com\/en\/about-us\/#breadcrumb","itemListElement":[{"@type":"ListItem","position":1,"name":"Anasayfa","item":"https:\/\/trtbelgesel.com\/en\/"},{"@type":"ListItem","position":2,"name":"About Us"}]},{"@type":"WebSite","@id":"https:\/\/trtbelgesel.com\/en\/#website","url":"https:\/\/trtbelgesel.com\/en\/","name":"trtbelgesel.com","description":"Resmi Belgesel Ba\u015fvuru ve Tan\u0131t\u0131m Sayfas\u0131","publisher":{"@id":"https:\/\/trtbelgesel.com\/en\/#organization"},"potentialAction":[{"@type":"SearchAction","target":{"@type":"EntryPoint","urlTemplate":"https:\/\/trtbelgesel.com\/en\/?s={search_term_string}"},"query-input":{"@type":"PropertyValueSpecification","valueRequired":true,"valueName":"search_term_string"}}],"inLanguage":"en-US"},{"@type":"Organization","@id":"https:\/\/trtbelgesel.com\/en\/#organization","name":"trtbelgesel.com","url":"https:\/\/trtbelgesel.com\/en\/","logo":{"@type":"ImageObject","inLanguage":"en-US","@id":"https:\/\/trtbelgesel.com\/en\/#\/schema\/logo\/image\/","url":"https:\/\/trtbelgesel.com\/wp-content\/uploads\/2025\/07\/TRT-BELGESEL-GUNLERI-KARTE-LOGO-REKNLI-kopya.png","contentUrl":"https:\/\/trtbelgesel.com\/wp-content\/uploads\/2025\/07\/TRT-BELGESEL-GUNLERI-KARTE-LOGO-REKNLI-kopya.png","width":1920,"height":1080,"caption":"trtbelgesel.com"},"image":{"@id":"https:\/\/trtbelgesel.com\/en\/#\/schema\/logo\/image\/"},"sameAs":["https:\/\/www.facebook.com\/trtbelgeselodulleri\/?locale=tr_TR","https:\/\/x.com\/TRTBelgeselFilm","https:\/\/www.instagram.com\/trtbelgeselodulleri\/"]}]}},"_links":{"self":[{"href":"https:\/\/trtbelgesel.com\/en\/wp-json\/wp\/v2\/pages\/1351","targetHints":{"allow":["GET"]}}],"collection":[{"href":"https:\/\/trtbelgesel.com\/en\/wp-json\/wp\/v2\/pages"}],"about":[{"href":"https:\/\/trtbelgesel.com\/en\/wp-json\/wp\/v2\/types\/page"}],"author":[{"embeddable":true,"href":"https:\/\/trtbelgesel.com\/en\/wp-json\/wp\/v2\/users\/1"}],"replies":[{"embeddable":true,"href":"https:\/\/trtbelgesel.com\/en\/wp-json\/wp\/v2\/comments?post=1351"}],"version-history":[{"count":2,"href":"https:\/\/trtbelgesel.com\/en\/wp-json\/wp\/v2\/pages\/1351\/revisions"}],"predecessor-version":[{"id":2376,"href":"https:\/\/trtbelgesel.com\/en\/wp-json\/wp\/v2\/pages\/1351\/revisions\/2376"}],"wp:featuredmedia":[{"embeddable":true,"href":"https:\/\/trtbelgesel.com\/en\/wp-json\/"}],"wp:attachment":[{"href":"https:\/\/trtbelgesel.com\/en\/wp-json\/wp\/v2\/media?parent=1351"}],"curies":[{"name":"wp","href":"https:\/\/api.w.org\/{rel}","templated":true}]}}