{"id":1359,"date":"2025-07-01T23:16:38","date_gmt":"2025-07-01T20:16:38","guid":{"rendered":"https:\/\/testwp.trtbelgesel.com\/competition-calendar\/"},"modified":"2026-04-07T11:52:40","modified_gmt":"2026-04-07T08:52:40","slug":"competition-calendar","status":"publish","type":"page","link":"https:\/\/trtbelgesel.com\/en\/competition-calendar\/","title":{"rendered":"Competition Calendar"},"content":{"rendered":"<div class=\"wpb-content-wrapper\"><p>[vc_row][vc_column][vc_column_text css=&#8221;&#8221;]<\/p>\r\n<h2 class=\"wp-block-heading\"><strong>17TH TRT INTERNATIONAL DOCUMENTARY AWARDS<\/strong><\/h2>\r\n<!-- \/wp:post-content -->\r\n<p>&nbsp;<\/p>\r\n<!-- wp:paragraph \/-->\r\n<p>&nbsp;<\/p>\r\n<!-- wp:heading {\"level\":3} -->\r\n<h3 class=\"wp-block-heading\"><strong>TRT&#8217;s Great Support for the Universal Power of Documentary<\/strong><\/h3>\r\n<!-- \/wp:heading -->\r\n<p><!-- wp:paragraph -->TRT International Documentary Awards is a prestigious platform that brings together documentary creators from around the world. 16. The festival continues to support the transformative, thought-provoking and inspiring power of documentary by opening the door to productions from different geographies, cultures and narrative traditions.<\/p>\r\n<!-- \/wp:paragraph -->\r\n<p><!-- wp:paragraph -->Bringing together international film professionals, students and creative minds, this year&#8217;s competition offers not only awards but also a great opportunity for visibility, networking and long-term collaborations.<\/p>\r\n<!-- \/wp:paragraph -->\r\n<p>&nbsp;<\/p>\r\n<!-- wp:separator --><hr class=\"wp-block-separator has-alpha-channel-opacity\" \/>\r\n<p><!-- \/wp:separator -->\u00a0<\/p>\r\n<!-- wp:heading {\"level\":3} -->\r\n<h4><b>4. COMPETITION CALENDAR<\/b><\/h4>\r\n<ul>\r\n<li>\r\n<p class=\"p1\"><b>Application Start Date:<\/b><span class=\"s1\"> 09 October 2026<\/span><\/p>\r\n<\/li>\r\n<li>\r\n<p class=\"p1\"><span class=\"s1\"><b>Application Deadline:<\/b><\/span> 10 April 2026, 18:00<\/p>\r\n<\/li>\r\n<li>\r\n<p class=\"p1\"><b>Pre-Selection Results Announcement:<\/b><span class=\"s1\"> 17 April 2026<\/span><\/p>\r\n<\/li>\r\n<li>\r\n<p class=\"p1\"><b>Final Jury Evaluation:<\/b><span class=\"s1\"> 04 &#8211; 07 June 2026\u00a0<\/span><\/p>\r\n<\/li>\r\n<li>\r\n<p class=\"p1\"><b>Announcement of Results and Award Ceremony:<\/b><span class=\"s1\"> 07 June 2026<\/span><\/p>\r\n<\/li>\r\n<\/ul>\r\n<p>[\/vc_column_text][\/vc_column][\/vc_row]<\/p><\/div>","protected":false},"excerpt":{"rendered":"<p>[vc_row][vc_column][vc_column_text css=&#8221;&#8221;] 17TH TRT INTERNATIONAL DOCUMENTARY AWARDS &nbsp; &nbsp; TRT&#8217;s Great Support for the Universal Power of Documentary TRT International Documentary Awards is a prestigious platform<span class=\"excerpt-hellip\"> [\u2026]<\/span><\/p>\n","protected":false},"author":1,"featured_media":-1,"parent":0,"menu_order":0,"comment_status":"closed","ping_status":"closed","template":"","meta":{"_monsterinsights_skip_tracking":false,"_monsterinsights_sitenote_active":false,"_monsterinsights_sitenote_note":"","_monsterinsights_sitenote_category":0,"footnotes":""},"class_list":["post-1359","page","type-page","status-publish","has-post-thumbnail","hentry"],"yoast_head":"<!-- This site is optimized with the Yoast SEO plugin v27.2 - https:\/\/yoast.com\/product\/yoast-seo-wordpress\/ -->\n<title>Competition Calendar - trtbelgesel.com<\/title>\n<meta name=\"robots\" content=\"index, follow, max-snippet:-1, max-image-preview:large, max-video-preview:-1\" \/>\n<link rel=\"canonical\" href=\"https:\/\/trtbelgesel.com\/en\/competition-calendar\/\" \/>\n<meta property=\"og:locale\" content=\"en_US\" \/>\n<meta property=\"og:type\" content=\"article\" \/>\n<meta property=\"og:title\" content=\"Competition Calendar - trtbelgesel.com\" \/>\n<meta property=\"og:description\" content=\"[vc_row][vc_column][vc_column_text css=&#8221;&#8221;] 17TH TRT INTERNATIONAL DOCUMENTARY AWARDS &nbsp; &nbsp; TRT&#8217;s Great Support for the Universal Power of Documentary TRT International Documentary Awards is a prestigious platform [\u2026]\" \/>\n<meta property=\"og:url\" content=\"https:\/\/trtbelgesel.com\/en\/competition-calendar\/\" \/>\n<meta property=\"og:site_name\" content=\"trtbelgesel.com\" \/>\n<meta property=\"article:publisher\" content=\"https:\/\/www.facebook.com\/trtbelgeselodulleri\/?locale=tr_TR\" \/>\n<meta property=\"article:modified_time\" content=\"2026-04-07T08:52:40+00:00\" \/>\n<meta name=\"twitter:card\" content=\"summary_large_image\" \/>\n<meta name=\"twitter:site\" content=\"@TRTBelgeselFilm\" \/>\n<meta name=\"twitter:label1\" content=\"Est. reading time\" \/>\n\t<meta name=\"twitter:data1\" content=\"1 minute\" \/>\n<script type=\"application\/ld+json\" class=\"yoast-schema-graph\">{\"@context\":\"https:\/\/schema.org\",\"@graph\":[{\"@type\":\"WebPage\",\"@id\":\"https:\/\/trtbelgesel.com\/en\/competition-calendar\/\",\"url\":\"https:\/\/trtbelgesel.com\/en\/competition-calendar\/\",\"name\":\"Competition Calendar - trtbelgesel.com\",\"isPartOf\":{\"@id\":\"https:\/\/trtbelgesel.com\/en\/#website\"},\"datePublished\":\"2025-07-01T20:16:38+00:00\",\"dateModified\":\"2026-04-07T08:52:40+00:00\",\"breadcrumb\":{\"@id\":\"https:\/\/trtbelgesel.com\/en\/competition-calendar\/#breadcrumb\"},\"inLanguage\":\"en-US\",\"potentialAction\":[{\"@type\":\"ReadAction\",\"target\":[\"https:\/\/trtbelgesel.com\/en\/competition-calendar\/\"]}]},{\"@type\":\"BreadcrumbList\",\"@id\":\"https:\/\/trtbelgesel.com\/en\/competition-calendar\/#breadcrumb\",\"itemListElement\":[{\"@type\":\"ListItem\",\"position\":1,\"name\":\"Anasayfa\",\"item\":\"https:\/\/trtbelgesel.com\/en\/\"},{\"@type\":\"ListItem\",\"position\":2,\"name\":\"Competition Calendar\"}]},{\"@type\":\"WebSite\",\"@id\":\"https:\/\/trtbelgesel.com\/en\/#website\",\"url\":\"https:\/\/trtbelgesel.com\/en\/\",\"name\":\"trtbelgesel.com\",\"description\":\"Resmi Belgesel Ba\u015fvuru ve Tan\u0131t\u0131m Sayfas\u0131\",\"publisher\":{\"@id\":\"https:\/\/trtbelgesel.com\/en\/#organization\"},\"potentialAction\":[{\"@type\":\"SearchAction\",\"target\":{\"@type\":\"EntryPoint\",\"urlTemplate\":\"https:\/\/trtbelgesel.com\/en\/?s={search_term_string}\"},\"query-input\":{\"@type\":\"PropertyValueSpecification\",\"valueRequired\":true,\"valueName\":\"search_term_string\"}}],\"inLanguage\":\"en-US\"},{\"@type\":\"Organization\",\"@id\":\"https:\/\/trtbelgesel.com\/en\/#organization\",\"name\":\"trtbelgesel.com\",\"url\":\"https:\/\/trtbelgesel.com\/en\/\",\"logo\":{\"@type\":\"ImageObject\",\"inLanguage\":\"en-US\",\"@id\":\"https:\/\/trtbelgesel.com\/en\/#\/schema\/logo\/image\/\",\"url\":\"https:\/\/trtbelgesel.com\/wp-content\/uploads\/2025\/07\/TRT-BELGESEL-GUNLERI-KARTE-LOGO-REKNLI-kopya.png\",\"contentUrl\":\"https:\/\/trtbelgesel.com\/wp-content\/uploads\/2025\/07\/TRT-BELGESEL-GUNLERI-KARTE-LOGO-REKNLI-kopya.png\",\"width\":1920,\"height\":1080,\"caption\":\"trtbelgesel.com\"},\"image\":{\"@id\":\"https:\/\/trtbelgesel.com\/en\/#\/schema\/logo\/image\/\"},\"sameAs\":[\"https:\/\/www.facebook.com\/trtbelgeselodulleri\/?locale=tr_TR\",\"https:\/\/x.com\/TRTBelgeselFilm\",\"https:\/\/www.instagram.com\/trtbelgeselodulleri\/\"]}]}<\/script>\n<!-- \/ Yoast SEO plugin. -->","yoast_head_json":{"title":"Competition Calendar - trtbelgesel.com","robots":{"index":"index","follow":"follow","max-snippet":"max-snippet:-1","max-image-preview":"max-image-preview:large","max-video-preview":"max-video-preview:-1"},"canonical":"https:\/\/trtbelgesel.com\/en\/competition-calendar\/","og_locale":"en_US","og_type":"article","og_title":"Competition Calendar - trtbelgesel.com","og_description":"[vc_row][vc_column][vc_column_text css=&#8221;&#8221;] 17TH TRT INTERNATIONAL DOCUMENTARY AWARDS &nbsp; &nbsp; TRT&#8217;s Great Support for the Universal Power of Documentary TRT International Documentary Awards is a prestigious platform [\u2026]","og_url":"https:\/\/trtbelgesel.com\/en\/competition-calendar\/","og_site_name":"trtbelgesel.com","article_publisher":"https:\/\/www.facebook.com\/trtbelgeselodulleri\/?locale=tr_TR","article_modified_time":"2026-04-07T08:52:40+00:00","twitter_card":"summary_large_image","twitter_site":"@TRTBelgeselFilm","twitter_misc":{"Est. reading time":"1 minute"},"schema":{"@context":"https:\/\/schema.org","@graph":[{"@type":"WebPage","@id":"https:\/\/trtbelgesel.com\/en\/competition-calendar\/","url":"https:\/\/trtbelgesel.com\/en\/competition-calendar\/","name":"Competition Calendar - trtbelgesel.com","isPartOf":{"@id":"https:\/\/trtbelgesel.com\/en\/#website"},"datePublished":"2025-07-01T20:16:38+00:00","dateModified":"2026-04-07T08:52:40+00:00","breadcrumb":{"@id":"https:\/\/trtbelgesel.com\/en\/competition-calendar\/#breadcrumb"},"inLanguage":"en-US","potentialAction":[{"@type":"ReadAction","target":["https:\/\/trtbelgesel.com\/en\/competition-calendar\/"]}]},{"@type":"BreadcrumbList","@id":"https:\/\/trtbelgesel.com\/en\/competition-calendar\/#breadcrumb","itemListElement":[{"@type":"ListItem","position":1,"name":"Anasayfa","item":"https:\/\/trtbelgesel.com\/en\/"},{"@type":"ListItem","position":2,"name":"Competition Calendar"}]},{"@type":"WebSite","@id":"https:\/\/trtbelgesel.com\/en\/#website","url":"https:\/\/trtbelgesel.com\/en\/","name":"trtbelgesel.com","description":"Resmi Belgesel Ba\u015fvuru ve Tan\u0131t\u0131m Sayfas\u0131","publisher":{"@id":"https:\/\/trtbelgesel.com\/en\/#organization"},"potentialAction":[{"@type":"SearchAction","target":{"@type":"EntryPoint","urlTemplate":"https:\/\/trtbelgesel.com\/en\/?s={search_term_string}"},"query-input":{"@type":"PropertyValueSpecification","valueRequired":true,"valueName":"search_term_string"}}],"inLanguage":"en-US"},{"@type":"Organization","@id":"https:\/\/trtbelgesel.com\/en\/#organization","name":"trtbelgesel.com","url":"https:\/\/trtbelgesel.com\/en\/","logo":{"@type":"ImageObject","inLanguage":"en-US","@id":"https:\/\/trtbelgesel.com\/en\/#\/schema\/logo\/image\/","url":"https:\/\/trtbelgesel.com\/wp-content\/uploads\/2025\/07\/TRT-BELGESEL-GUNLERI-KARTE-LOGO-REKNLI-kopya.png","contentUrl":"https:\/\/trtbelgesel.com\/wp-content\/uploads\/2025\/07\/TRT-BELGESEL-GUNLERI-KARTE-LOGO-REKNLI-kopya.png","width":1920,"height":1080,"caption":"trtbelgesel.com"},"image":{"@id":"https:\/\/trtbelgesel.com\/en\/#\/schema\/logo\/image\/"},"sameAs":["https:\/\/www.facebook.com\/trtbelgeselodulleri\/?locale=tr_TR","https:\/\/x.com\/TRTBelgeselFilm","https:\/\/www.instagram.com\/trtbelgeselodulleri\/"]}]}},"_links":{"self":[{"href":"https:\/\/trtbelgesel.com\/en\/wp-json\/wp\/v2\/pages\/1359","targetHints":{"allow":["GET"]}}],"collection":[{"href":"https:\/\/trtbelgesel.com\/en\/wp-json\/wp\/v2\/pages"}],"about":[{"href":"https:\/\/trtbelgesel.com\/en\/wp-json\/wp\/v2\/types\/page"}],"author":[{"embeddable":true,"href":"https:\/\/trtbelgesel.com\/en\/wp-json\/wp\/v2\/users\/1"}],"replies":[{"embeddable":true,"href":"https:\/\/trtbelgesel.com\/en\/wp-json\/wp\/v2\/comments?post=1359"}],"version-history":[{"count":8,"href":"https:\/\/trtbelgesel.com\/en\/wp-json\/wp\/v2\/pages\/1359\/revisions"}],"predecessor-version":[{"id":2409,"href":"https:\/\/trtbelgesel.com\/en\/wp-json\/wp\/v2\/pages\/1359\/revisions\/2409"}],"wp:featuredmedia":[{"embeddable":true,"href":"https:\/\/trtbelgesel.com\/en\/wp-json\/"}],"wp:attachment":[{"href":"https:\/\/trtbelgesel.com\/en\/wp-json\/wp\/v2\/media?parent=1359"}],"curies":[{"name":"wp","href":"https:\/\/api.w.org\/{rel}","templated":true}]}}